{"id":1887,"date":"2025-08-02T18:52:20","date_gmt":"2025-08-02T17:52:20","guid":{"rendered":"https:\/\/lacarteria.de\/?post_type=product&#038;p=1887"},"modified":"2025-10-07T12:56:07","modified_gmt":"2025-10-07T11:56:07","slug":"1887","status":"publish","type":"product","link":"https:\/\/lacarteria.de\/?product=1887","title":{"rendered":"Orla Honig-Braun"},"content":{"rendered":"","protected":false},"excerpt":{"rendered":"<p><span style=\"font-weight: 400;\">Orla:\u00a0 Ein Hauch von Eleganz in neuem Licht.\u00a0 Unsere exquisite Schultertasche aus edlem Rindsleder im warmen Honig-Braun. Sie besticht durch ihr zeitloses Design und wird mit jeder Nutzung einzigartiger.\u00a0 Das Innenleben aus kr\u00e4ftigem Blau beherbergt ein praktisches Rei\u00dfverschlussfach und ein Schl\u00fc\u00dfelbund f\u00fcr optimale Organisation. Die handgeflochtenen Lederriemen in Dunkelbraun verleihen ihr besonderen Charme und optimalen Tragekomfort. Orla strahlt zeitlose Eleganz aus und ist mit ihrem klassischen Design ein vielseitiger Begleiter f\u00fcr jeden Anlass \u2013 von Freizeit bis hin zu einem feinen Auftritt.<\/span><\/p>\n<p><span style=\"font-weight: 400;\"><br \/>\n<\/span><span style=\"font-weight: 400;\">B.35 x H.30 x T.10 cm<\/span><\/p>\n","protected":false},"featured_media":1893,"template":"","meta":{"om_disable_all_campaigns":false,"site-sidebar-layout":"default","site-content-layout":"","ast-site-content-layout":"default","site-content-style":"default","site-sidebar-style":"default","ast-global-header-display":"","ast-banner-title-visibility":"","ast-main-header-display":"","ast-hfb-above-header-display":"","ast-hfb-below-header-display":"","ast-hfb-mobile-header-display":"","site-post-title":"","ast-breadcrumbs-content":"","ast-featured-img":"","footer-sml-layout":"","ast-disable-related-posts":"","theme-transparent-header-meta":"default","adv-header-id-meta":"","stick-header-meta":"","header-above-stick-meta":"","header-main-stick-meta":"","header-below-stick-meta":"","astra-migrate-meta-layouts":"set","ast-page-background-enabled":"default","ast-page-background-meta":{"desktop":{"background-color":"var(--ast-global-color-4)","background-image":"","background-repeat":"repeat","background-position":"center center","background-size":"auto","background-attachment":"scroll","background-type":"","background-media":"","overlay-type":"","overlay-color":"","overlay-opacity":"","overlay-gradient":""},"tablet":{"background-color":"","background-image":"","background-repeat":"repeat","background-position":"center center","background-size":"auto","background-attachment":"scroll","background-type":"","background-media":"","overlay-type":"","overlay-color":"","overlay-opacity":"","overlay-gradient":""},"mobile":{"background-color":"","background-image":"","background-repeat":"repeat","background-position":"center center","background-size":"auto","background-attachment":"scroll","background-type":"","background-media":"","overlay-type":"","overlay-color":"","overlay-opacity":"","overlay-gradient":""}},"ast-content-background-meta":{"desktop":{"background-color":"var(--ast-global-color-5)","background-image":"","background-repeat":"repeat","background-position":"center center","background-size":"auto","background-attachment":"scroll","background-type":"","background-media":"","overlay-type":"","overlay-color":"","overlay-opacity":"","overlay-gradient":""},"tablet":{"background-color":"var(--ast-global-color-5)","background-image":"","background-repeat":"repeat","background-position":"center center","background-size":"auto","background-attachment":"scroll","background-type":"","background-media":"","overlay-type":"","overlay-color":"","overlay-opacity":"","overlay-gradient":""},"mobile":{"background-color":"var(--ast-global-color-5)","background-image":"","background-repeat":"repeat","background-position":"center center","background-size":"auto","background-attachment":"scroll","background-type":"","background-media":"","overlay-type":"","overlay-color":"","overlay-opacity":"","overlay-gradient":""}}},"product_brand":[],"product_cat":[24],"product_tag":[],"class_list":{"0":"post-1887","1":"product","2":"type-product","3":"status-publish","4":"has-post-thumbnail","6":"product_cat-schultertasche","7":"desktop-align-left","8":"tablet-align-left","9":"mobile-align-left","11":"first","12":"instock","13":"shipping-taxable","14":"purchasable","15":"product-type-simple"},"aioseo_notices":[],"jetpack_sharing_enabled":true,"_links":{"self":[{"href":"https:\/\/lacarteria.de\/index.php?rest_route=\/wp\/v2\/product\/1887","targetHints":{"allow":["GET"]}}],"collection":[{"href":"https:\/\/lacarteria.de\/index.php?rest_route=\/wp\/v2\/product"}],"about":[{"href":"https:\/\/lacarteria.de\/index.php?rest_route=\/wp\/v2\/types\/product"}],"wp:featuredmedia":[{"embeddable":true,"href":"https:\/\/lacarteria.de\/index.php?rest_route=\/wp\/v2\/media\/1893"}],"wp:attachment":[{"href":"https:\/\/lacarteria.de\/index.php?rest_route=%2Fwp%2Fv2%2Fmedia&parent=1887"}],"wp:term":[{"taxonomy":"product_brand","embeddable":true,"href":"https:\/\/lacarteria.de\/index.php?rest_route=%2Fwp%2Fv2%2Fproduct_brand&post=1887"},{"taxonomy":"product_cat","embeddable":true,"href":"https:\/\/lacarteria.de\/index.php?rest_route=%2Fwp%2Fv2%2Fproduct_cat&post=1887"},{"taxonomy":"product_tag","embeddable":true,"href":"https:\/\/lacarteria.de\/index.php?rest_route=%2Fwp%2Fv2%2Fproduct_tag&post=1887"}],"curies":[{"name":"wp","href":"https:\/\/api.w.org\/{rel}","templated":true}]}}