{"id":1869,"date":"2025-07-22T23:01:32","date_gmt":"2025-07-22T22:01:32","guid":{"rendered":"https:\/\/lacarteria.de\/?post_type=product&#038;p=1869"},"modified":"2025-10-07T12:55:05","modified_gmt":"2025-10-07T11:55:05","slug":"carmen","status":"publish","type":"product","link":"https:\/\/lacarteria.de\/?product=carmen","title":{"rendered":"Carmen"},"content":{"rendered":"","protected":false},"excerpt":{"rendered":"<p>Carmen ist der rote Blickfang f\u00fcr jeden Anlass. Dieses Unikat besticht durch ihr leuchtendes Rot aus hochwertigem Glattleder. Eine dezente Naht in der Mitte der Vorderseite zeugt von pr\u00e4ziser Handwerkskunst. Die Tr\u00e4ger aus einem feinen, komplement\u00e4ren Leder f\u00fcgen sich harmonisch ein und bieten hohen Tragekomfort.<br \/>\nDer Akzent sind die kunstvoll geflochtenen Seiten in strahlendem T\u00fcrkis, die einen modernen Kontrast bilden. Innen bietet Carmen gro\u00dfz\u00fcgigen Raum, sicher verschlie\u00dfbar mit eleganten Magnetkn\u00f6pfen. \u00ab\u00bbCarmen ist ein Statement f\u00fcr all jene, die die gewidmete Handarbeit und deren zeitlose Sch\u00f6nheit zelebrieren.<\/p>\n<p>B.40 x H.34 x T. 7 cm.<\/p>\n","protected":false},"featured_media":1879,"template":"","meta":{"om_disable_all_campaigns":false,"site-sidebar-layout":"default","site-content-layout":"","ast-site-content-layout":"default","site-content-style":"default","site-sidebar-style":"default","ast-global-header-display":"","ast-banner-title-visibility":"","ast-main-header-display":"","ast-hfb-above-header-display":"","ast-hfb-below-header-display":"","ast-hfb-mobile-header-display":"","site-post-title":"","ast-breadcrumbs-content":"","ast-featured-img":"","footer-sml-layout":"","ast-disable-related-posts":"","theme-transparent-header-meta":"default","adv-header-id-meta":"","stick-header-meta":"","header-above-stick-meta":"","header-main-stick-meta":"","header-below-stick-meta":"","astra-migrate-meta-layouts":"set","ast-page-background-enabled":"default","ast-page-background-meta":{"desktop":{"background-color":"var(--ast-global-color-4)","background-image":"","background-repeat":"repeat","background-position":"center center","background-size":"auto","background-attachment":"scroll","background-type":"","background-media":"","overlay-type":"","overlay-color":"","overlay-opacity":"","overlay-gradient":""},"tablet":{"background-color":"","background-image":"","background-repeat":"repeat","background-position":"center center","background-size":"auto","background-attachment":"scroll","background-type":"","background-media":"","overlay-type":"","overlay-color":"","overlay-opacity":"","overlay-gradient":""},"mobile":{"background-color":"","background-image":"","background-repeat":"repeat","background-position":"center center","background-size":"auto","background-attachment":"scroll","background-type":"","background-media":"","overlay-type":"","overlay-color":"","overlay-opacity":"","overlay-gradient":""}},"ast-content-background-meta":{"desktop":{"background-color":"var(--ast-global-color-5)","background-image":"","background-repeat":"repeat","background-position":"center center","background-size":"auto","background-attachment":"scroll","background-type":"","background-media":"","overlay-type":"","overlay-color":"","overlay-opacity":"","overlay-gradient":""},"tablet":{"background-color":"var(--ast-global-color-5)","background-image":"","background-repeat":"repeat","background-position":"center center","background-size":"auto","background-attachment":"scroll","background-type":"","background-media":"","overlay-type":"","overlay-color":"","overlay-opacity":"","overlay-gradient":""},"mobile":{"background-color":"var(--ast-global-color-5)","background-image":"","background-repeat":"repeat","background-position":"center center","background-size":"auto","background-attachment":"scroll","background-type":"","background-media":"","overlay-type":"","overlay-color":"","overlay-opacity":"","overlay-gradient":""}}},"product_brand":[],"product_cat":[24],"product_tag":[],"class_list":{"0":"post-1869","1":"product","2":"type-product","3":"status-publish","4":"has-post-thumbnail","6":"product_cat-schultertasche","7":"desktop-align-left","8":"tablet-align-left","9":"mobile-align-left","11":"first","12":"instock","13":"shipping-taxable","14":"purchasable","15":"product-type-simple"},"aioseo_notices":[],"jetpack_sharing_enabled":true,"_links":{"self":[{"href":"https:\/\/lacarteria.de\/index.php?rest_route=\/wp\/v2\/product\/1869","targetHints":{"allow":["GET"]}}],"collection":[{"href":"https:\/\/lacarteria.de\/index.php?rest_route=\/wp\/v2\/product"}],"about":[{"href":"https:\/\/lacarteria.de\/index.php?rest_route=\/wp\/v2\/types\/product"}],"wp:featuredmedia":[{"embeddable":true,"href":"https:\/\/lacarteria.de\/index.php?rest_route=\/wp\/v2\/media\/1879"}],"wp:attachment":[{"href":"https:\/\/lacarteria.de\/index.php?rest_route=%2Fwp%2Fv2%2Fmedia&parent=1869"}],"wp:term":[{"taxonomy":"product_brand","embeddable":true,"href":"https:\/\/lacarteria.de\/index.php?rest_route=%2Fwp%2Fv2%2Fproduct_brand&post=1869"},{"taxonomy":"product_cat","embeddable":true,"href":"https:\/\/lacarteria.de\/index.php?rest_route=%2Fwp%2Fv2%2Fproduct_cat&post=1869"},{"taxonomy":"product_tag","embeddable":true,"href":"https:\/\/lacarteria.de\/index.php?rest_route=%2Fwp%2Fv2%2Fproduct_tag&post=1869"}],"curies":[{"name":"wp","href":"https:\/\/api.w.org\/{rel}","templated":true}]}}