{"id":1826,"date":"2025-06-30T16:49:02","date_gmt":"2025-06-30T15:49:02","guid":{"rendered":"https:\/\/lacarteria.de\/?post_type=product&#038;p=1826"},"modified":"2025-07-07T14:01:46","modified_gmt":"2025-07-07T13:01:46","slug":"capitan","status":"publish","type":"product","link":"https:\/\/lacarteria.de\/?product=capitan","title":{"rendered":"Capit\u00e1n"},"content":{"rendered":"","protected":false},"excerpt":{"rendered":"<p>Gro\u00dfz\u00fcgiger Shopper aus geschmeidigem, warmbraunem, pflanzlich gegerbtem Rindsleder. Innenraum gefuttert aus einem sch\u00f6nen satten braunen Wildleder mit einem gro\u00dfem Rei\u00dfverschlussfach und eine praktischer Stecktasche. Die feine Ziehern\u00e4tte entlang der Henkel unterstreichen die sorgf\u00e4ltige Handwerkskunst und verleihen der Tasche eine elegante, aber dennoch l\u00e4ssige Note. Sie sind so konzipiert, dass sie sich angenehm anpassen und selbst bei voller Beladung komfortabel bleiben.<\/p>\n<p><strong>Masse:<\/strong> B.43 x H.30 x T.17 cm<\/p>\n<p><strong>Farbe:<\/strong>\u00a0Honig<\/p>\n","protected":false},"featured_media":1828,"template":"","meta":{"om_disable_all_campaigns":false,"site-sidebar-layout":"default","site-content-layout":"","ast-site-content-layout":"default","site-content-style":"default","site-sidebar-style":"default","ast-global-header-display":"","ast-banner-title-visibility":"","ast-main-header-display":"","ast-hfb-above-header-display":"","ast-hfb-below-header-display":"","ast-hfb-mobile-header-display":"","site-post-title":"","ast-breadcrumbs-content":"","ast-featured-img":"","footer-sml-layout":"","ast-disable-related-posts":"","theme-transparent-header-meta":"default","adv-header-id-meta":"","stick-header-meta":"","header-above-stick-meta":"","header-main-stick-meta":"","header-below-stick-meta":"","astra-migrate-meta-layouts":"set","ast-page-background-enabled":"default","ast-page-background-meta":{"desktop":{"background-color":"var(--ast-global-color-4)","background-image":"","background-repeat":"repeat","background-position":"center center","background-size":"auto","background-attachment":"scroll","background-type":"","background-media":"","overlay-type":"","overlay-color":"","overlay-opacity":"","overlay-gradient":""},"tablet":{"background-color":"","background-image":"","background-repeat":"repeat","background-position":"center center","background-size":"auto","background-attachment":"scroll","background-type":"","background-media":"","overlay-type":"","overlay-color":"","overlay-opacity":"","overlay-gradient":""},"mobile":{"background-color":"","background-image":"","background-repeat":"repeat","background-position":"center center","background-size":"auto","background-attachment":"scroll","background-type":"","background-media":"","overlay-type":"","overlay-color":"","overlay-opacity":"","overlay-gradient":""}},"ast-content-background-meta":{"desktop":{"background-color":"var(--ast-global-color-5)","background-image":"","background-repeat":"repeat","background-position":"center center","background-size":"auto","background-attachment":"scroll","background-type":"","background-media":"","overlay-type":"","overlay-color":"","overlay-opacity":"","overlay-gradient":""},"tablet":{"background-color":"var(--ast-global-color-5)","background-image":"","background-repeat":"repeat","background-position":"center center","background-size":"auto","background-attachment":"scroll","background-type":"","background-media":"","overlay-type":"","overlay-color":"","overlay-opacity":"","overlay-gradient":""},"mobile":{"background-color":"var(--ast-global-color-5)","background-image":"","background-repeat":"repeat","background-position":"center center","background-size":"auto","background-attachment":"scroll","background-type":"","background-media":"","overlay-type":"","overlay-color":"","overlay-opacity":"","overlay-gradient":""}}},"product_brand":[],"product_cat":[24],"product_tag":[],"class_list":{"0":"post-1826","1":"product","2":"type-product","3":"status-publish","4":"has-post-thumbnail","6":"product_cat-schultertasche","7":"desktop-align-left","8":"tablet-align-left","9":"mobile-align-left","11":"first","12":"instock","13":"shipping-taxable","14":"purchasable","15":"product-type-simple"},"aioseo_notices":[],"jetpack_sharing_enabled":true,"_links":{"self":[{"href":"https:\/\/lacarteria.de\/index.php?rest_route=\/wp\/v2\/product\/1826","targetHints":{"allow":["GET"]}}],"collection":[{"href":"https:\/\/lacarteria.de\/index.php?rest_route=\/wp\/v2\/product"}],"about":[{"href":"https:\/\/lacarteria.de\/index.php?rest_route=\/wp\/v2\/types\/product"}],"wp:featuredmedia":[{"embeddable":true,"href":"https:\/\/lacarteria.de\/index.php?rest_route=\/wp\/v2\/media\/1828"}],"wp:attachment":[{"href":"https:\/\/lacarteria.de\/index.php?rest_route=%2Fwp%2Fv2%2Fmedia&parent=1826"}],"wp:term":[{"taxonomy":"product_brand","embeddable":true,"href":"https:\/\/lacarteria.de\/index.php?rest_route=%2Fwp%2Fv2%2Fproduct_brand&post=1826"},{"taxonomy":"product_cat","embeddable":true,"href":"https:\/\/lacarteria.de\/index.php?rest_route=%2Fwp%2Fv2%2Fproduct_cat&post=1826"},{"taxonomy":"product_tag","embeddable":true,"href":"https:\/\/lacarteria.de\/index.php?rest_route=%2Fwp%2Fv2%2Fproduct_tag&post=1826"}],"curies":[{"name":"wp","href":"https:\/\/api.w.org\/{rel}","templated":true}]}}